{"id":526,"date":"2020-07-24T14:35:23","date_gmt":"2020-07-24T12:35:23","guid":{"rendered":"https:\/\/www.langer-audio.de\/?page_id=526"},"modified":"2021-02-02T13:56:38","modified_gmt":"2021-02-02T12:56:38","slug":"antrieb","status":"publish","type":"page","link":"https:\/\/www.langer-audio.de\/en\/antrieb\/","title":{"rendered":"OEM Drive Unit"},"content":{"rendered":"<div data-elementor-type=\"wp-page\" data-elementor-id=\"526\" class=\"elementor elementor-526\">\n\t\t\t\t\t\t\t\t\t<section class=\"elementor-section elementor-top-section elementor-element elementor-element-7f304aa9 elementor-section-height-min-height elementor-section-content-middle elementor-reverse-mobile animated-slow elementor-section-boxed elementor-section-height-default elementor-section-items-middle\" data-id=\"7f304aa9\" data-element_type=\"section\" data-settings=\"{&quot;background_background&quot;:&quot;classic&quot;,&quot;animation&quot;:&quot;none&quot;}\">\n\t\t\t\t\t\t<div class=\"elementor-container elementor-column-gap-no\">\n\t\t\t\t\t<div class=\"elementor-column elementor-col-50 elementor-top-column elementor-element elementor-element-badc8d7 elementor-invisible\" data-id=\"badc8d7\" data-element_type=\"column\" data-settings=\"{&quot;animation&quot;:&quot;fadeIn&quot;}\">\n\t\t\t<div class=\"elementor-widget-wrap elementor-element-populated\">\n\t\t\t\t\t\t\t\t<div class=\"elementor-element elementor-element-6bdfc933 nowrap elementor-widget elementor-widget-heading\" data-id=\"6bdfc933\" data-element_type=\"widget\" data-widget_type=\"heading.default\">\n\t\t\t\t<div class=\"elementor-widget-container\">\n\t\t\t<style>\/*! elementor - v3.9.1 - 14-12-2022 *\/\n.elementor-heading-title{padding:0;margin:0;line-height:1}.elementor-widget-heading .elementor-heading-title[class*=elementor-size-]>a{color:inherit;font-size:inherit;line-height:inherit}.elementor-widget-heading .elementor-heading-title.elementor-size-small{font-size:15px}.elementor-widget-heading .elementor-heading-title.elementor-size-medium{font-size:19px}.elementor-widget-heading .elementor-heading-title.elementor-size-large{font-size:29px}.elementor-widget-heading .elementor-heading-title.elementor-size-xl{font-size:39px}.elementor-widget-heading .elementor-heading-title.elementor-size-xxl{font-size:59px}<\/style><h1 class=\"elementor-heading-title elementor-size-default translation-block\">Langer <br>Direct Drive<\/h1>\t\t<\/div>\n\t\t\t\t<\/div>\n\t\t\t\t<div class=\"elementor-element elementor-element-7da48668 elementor-widget elementor-widget-text-editor\" data-id=\"7da48668\" data-element_type=\"widget\" data-widget_type=\"text-editor.default\">\n\t\t\t\t<div class=\"elementor-widget-container\">\n\t\t\t<style>\/*! elementor - v3.9.1 - 14-12-2022 *\/\n.elementor-widget-text-editor.elementor-drop-cap-view-stacked .elementor-drop-cap{background-color:#818a91;color:#fff}.elementor-widget-text-editor.elementor-drop-cap-view-framed .elementor-drop-cap{color:#818a91;border:3px solid;background-color:transparent}.elementor-widget-text-editor:not(.elementor-drop-cap-view-default) .elementor-drop-cap{margin-top:8px}.elementor-widget-text-editor:not(.elementor-drop-cap-view-default) .elementor-drop-cap-letter{width:1em;height:1em}.elementor-widget-text-editor .elementor-drop-cap{float:left;text-align:center;line-height:1;font-size:50px}.elementor-widget-text-editor .elementor-drop-cap-letter{display:inline-block}<\/style>\t\t\t\tApplicable for your OEM projects\t\t\t\t\t\t<\/div>\n\t\t\t\t<\/div>\n\t\t\t\t\t<\/div>\n\t\t<\/div>\n\t\t\t\t<div class=\"elementor-column elementor-col-50 elementor-top-column elementor-element elementor-element-5f9af36a elementor-invisible\" data-id=\"5f9af36a\" data-element_type=\"column\" data-settings=\"{&quot;animation&quot;:&quot;fadeIn&quot;}\">\n\t\t\t<div class=\"elementor-widget-wrap elementor-element-populated\">\n\t\t\t\t\t\t\t\t<div class=\"elementor-element elementor-element-12bf4b94 elementor-widget elementor-widget-image\" data-id=\"12bf4b94\" data-element_type=\"widget\" data-widget_type=\"image.default\">\n\t\t\t\t<div class=\"elementor-widget-container\">\n\t\t\t<style>\/*! elementor - v3.9.1 - 14-12-2022 *\/\n.elementor-widget-image{text-align:center}.elementor-widget-image a{display:inline-block}.elementor-widget-image a img[src$=\".svg\"]{width:48px}.elementor-widget-image img{vertical-align:middle;display:inline-block}<\/style>\t\t\t\t\t\t\t\t\t\t\t\t<img decoding=\"async\" width=\"2190\" height=\"1371\" src=\"https:\/\/ml5xe4k6drcs.i.optimole.com\/w:auto\/h:auto\/q:mauto\/f:avif\/https:\/\/www.langer-audio.de\/wp-content\/uploads\/2021\/01\/langer_oem_antrieb_header_black_1.jpg\" class=\"attachment-full size-full wp-image-815\" alt=\"Langer OEM Antrieb\" \/>\t\t\t\t\t\t\t\t\t\t\t\t\t\t\t<\/div>\n\t\t\t\t<\/div>\n\t\t\t\t\t<\/div>\n\t\t<\/div>\n\t\t\t\t\t\t\t<\/div>\n\t\t<\/section>\n\t\t\t\t<section class=\"elementor-section elementor-top-section elementor-element elementor-element-92b0a49 elementor-section-content-middle elementor-section-boxed elementor-section-height-default elementor-section-height-default\" data-id=\"92b0a49\" data-element_type=\"section\" data-settings=\"{&quot;background_background&quot;:&quot;gradient&quot;}\">\n\t\t\t\t\t\t<div class=\"elementor-container elementor-column-gap-wider\">\n\t\t\t\t\t<div class=\"elementor-column elementor-col-50 elementor-top-column elementor-element elementor-element-6f25d14 elementor-invisible\" data-id=\"6f25d14\" data-element_type=\"column\" data-settings=\"{&quot;background_background&quot;:&quot;classic&quot;,&quot;animation&quot;:&quot;fadeInLeft&quot;,&quot;animation_mobile&quot;:&quot;fadeInUp&quot;}\">\n\t\t\t<div class=\"elementor-widget-wrap elementor-element-populated\">\n\t\t\t\t\t\t\t\t<div class=\"elementor-element elementor-element-a0f9d63 nowrap elementor-widget elementor-widget-heading\" data-id=\"a0f9d63\" data-element_type=\"widget\" data-widget_type=\"heading.default\">\n\t\t\t\t<div class=\"elementor-widget-container\">\n\t\t\t<h2 class=\"elementor-heading-title elementor-size-default\">Motor<\/h2>\t\t<\/div>\n\t\t\t\t<\/div>\n\t\t\t\t<div class=\"elementor-element elementor-element-34f8f28 elementor-widget elementor-widget-text-editor\" data-id=\"34f8f28\" data-element_type=\"widget\" data-widget_type=\"text-editor.default\">\n\t\t\t\t<div class=\"elementor-widget-container\">\n\t\t\t\t\t\t\tThe motor design is brushless. It used Hall sensors and an integrated electronic board for commuting the motor coils. This is a must for a smooth motor movement and for elimination of distortion by usual brushes. The motor coils are air core types. So, there is no magnetic rest point or hysteresis loss. Speed feedback comes from an optical sensor combined with an encoder.\t\t\t\t\t\t<\/div>\n\t\t\t\t<\/div>\n\t\t\t\t\t<\/div>\n\t\t<\/div>\n\t\t\t\t<div class=\"elementor-column elementor-col-50 elementor-top-column elementor-element elementor-element-6b4edde elementor-invisible\" data-id=\"6b4edde\" data-element_type=\"column\" data-settings=\"{&quot;animation&quot;:&quot;fadeIn&quot;,&quot;animation_mobile&quot;:&quot;fadeInUp&quot;}\">\n\t\t\t<div class=\"elementor-widget-wrap elementor-element-populated\">\n\t\t\t\t\t\t\t\t<div class=\"elementor-element elementor-element-f70102f elementor-widget elementor-widget-image\" data-id=\"f70102f\" data-element_type=\"widget\" data-widget_type=\"image.default\">\n\t\t\t\t<div class=\"elementor-widget-container\">\n\t\t\t\t\t\t\t\t\t\t\t\t\t\t\t<img decoding=\"async\" width=\"4125\" height=\"4429\" src=\"https:\/\/ml5xe4k6drcs.i.optimole.com\/w:auto\/h:auto\/q:mauto\/f:avif\/https:\/\/www.langer-audio.de\/wp-content\/uploads\/2020\/07\/Langer_105-1_direct_drive_4.png\" class=\"attachment-full size-full wp-image-541\" alt=\"\" \/>\t\t\t\t\t\t\t\t\t\t\t\t\t\t\t<\/div>\n\t\t\t\t<\/div>\n\t\t\t\t\t<\/div>\n\t\t<\/div>\n\t\t\t\t\t\t\t<\/div>\n\t\t<\/section>\n\t\t\t\t<section class=\"elementor-section elementor-top-section elementor-element elementor-element-b380718 elementor-section-content-middle elementor-reverse-mobile elementor-section-boxed elementor-section-height-default elementor-section-height-default\" data-id=\"b380718\" data-element_type=\"section\" data-settings=\"{&quot;background_background&quot;:&quot;classic&quot;}\">\n\t\t\t\t\t\t<div class=\"elementor-container elementor-column-gap-wider\">\n\t\t\t\t\t<div class=\"elementor-column elementor-col-50 elementor-top-column elementor-element elementor-element-73d7c0f elementor-invisible\" data-id=\"73d7c0f\" data-element_type=\"column\" data-settings=\"{&quot;animation&quot;:&quot;fadeIn&quot;,&quot;animation_mobile&quot;:&quot;fadeInUp&quot;}\">\n\t\t\t<div class=\"elementor-widget-wrap elementor-element-populated\">\n\t\t\t\t\t\t\t\t<div class=\"elementor-element elementor-element-1cdc986 elementor-widget elementor-widget-image\" data-id=\"1cdc986\" data-element_type=\"widget\" data-widget_type=\"image.default\">\n\t\t\t\t<div class=\"elementor-widget-container\">\n\t\t\t\t\t\t\t\t\t\t\t\t\t\t\t<img decoding=\"async\" width=\"1318\" height=\"879\" src=\"https:\/\/ml5xe4k6drcs.i.optimole.com\/w:auto\/h:auto\/q:mauto\/f:avif\/https:\/\/www.langer-audio.de\/wp-content\/uploads\/2021\/01\/langer_oem_antrieb_motorlager.jpg\" class=\"attachment-full size-full wp-image-658\" alt=\"\" \/>\t\t\t\t\t\t\t\t\t\t\t\t\t\t\t<\/div>\n\t\t\t\t<\/div>\n\t\t\t\t\t<\/div>\n\t\t<\/div>\n\t\t\t\t<div class=\"elementor-column elementor-col-50 elementor-top-column elementor-element elementor-element-03ab025 elementor-invisible\" data-id=\"03ab025\" data-element_type=\"column\" data-settings=\"{&quot;animation&quot;:&quot;fadeInRight&quot;,&quot;animation_mobile&quot;:&quot;fadeInUp&quot;}\">\n\t\t\t<div class=\"elementor-widget-wrap elementor-element-populated\">\n\t\t\t\t\t\t\t\t<div class=\"elementor-element elementor-element-c3ce9c8 nowrap elementor-widget elementor-widget-heading\" data-id=\"c3ce9c8\" data-element_type=\"widget\" data-widget_type=\"heading.default\">\n\t\t\t\t<div class=\"elementor-widget-container\">\n\t\t\t<h2 class=\"elementor-heading-title elementor-size-default\">Motor Bearing<\/h2>\t\t<\/div>\n\t\t\t\t<\/div>\n\t\t\t\t<div class=\"elementor-element elementor-element-bee8076 elementor-widget elementor-widget-text-editor\" data-id=\"bee8076\" data-element_type=\"widget\" data-widget_type=\"text-editor.default\">\n\t\t\t\t<div class=\"elementor-widget-container\">\n\t\t\t\t\t\t\tAs the motor bearing is also the platter bearing, we spent special attention on its design. The radial force is carried by a precision sinter metal bearing. For the axial forces, we used a bearing bottom made of polyamide. This design guarantees very low movement noise and high precision bearing gap, combined with long life.\t\t\t\t\t\t<\/div>\n\t\t\t\t<\/div>\n\t\t\t\t\t<\/div>\n\t\t<\/div>\n\t\t\t\t\t\t\t<\/div>\n\t\t<\/section>\n\t\t\t\t<section class=\"elementor-section elementor-top-section elementor-element elementor-element-d6a39fc elementor-section-content-middle elementor-section-boxed elementor-section-height-default elementor-section-height-default\" data-id=\"d6a39fc\" data-element_type=\"section\" data-settings=\"{&quot;background_background&quot;:&quot;gradient&quot;}\">\n\t\t\t\t\t\t<div class=\"elementor-container elementor-column-gap-wider\">\n\t\t\t\t\t<div class=\"elementor-column elementor-col-50 elementor-top-column elementor-element elementor-element-bd6b21c elementor-invisible\" data-id=\"bd6b21c\" data-element_type=\"column\" data-settings=\"{&quot;background_background&quot;:&quot;classic&quot;,&quot;animation&quot;:&quot;fadeInLeft&quot;,&quot;animation_mobile&quot;:&quot;fadeInUp&quot;}\">\n\t\t\t<div class=\"elementor-widget-wrap elementor-element-populated\">\n\t\t\t\t\t\t\t\t<div class=\"elementor-element elementor-element-6623d46 nowrap elementor-widget elementor-widget-heading\" data-id=\"6623d46\" data-element_type=\"widget\" data-widget_type=\"heading.default\">\n\t\t\t\t<div class=\"elementor-widget-container\">\n\t\t\t<h2 class=\"elementor-heading-title elementor-size-default\">Rotor<\/h2>\t\t<\/div>\n\t\t\t\t<\/div>\n\t\t\t\t<div class=\"elementor-element elementor-element-54f534a elementor-widget elementor-widget-text-editor\" data-id=\"54f534a\" data-element_type=\"widget\" data-widget_type=\"text-editor.default\">\n\t\t\t\t<div class=\"elementor-widget-container\">\n\t\t\t\t\t\t\tThe rotor unit is also a sub platter. So, it is easy to combine with all kind of platter designs. The encoder marks for speed feedback are directly integrated in the rotor design, for minimum tolerances and maximum accuracy.\t\t\t\t\t\t<\/div>\n\t\t\t\t<\/div>\n\t\t\t\t\t<\/div>\n\t\t<\/div>\n\t\t\t\t<div class=\"elementor-column elementor-col-50 elementor-top-column elementor-element elementor-element-a86f07e elementor-invisible\" data-id=\"a86f07e\" data-element_type=\"column\" data-settings=\"{&quot;animation&quot;:&quot;fadeIn&quot;,&quot;animation_mobile&quot;:&quot;fadeInUp&quot;}\">\n\t\t\t<div class=\"elementor-widget-wrap elementor-element-populated\">\n\t\t\t\t\t\t\t\t<div class=\"elementor-element elementor-element-fed0c31 elementor-widget elementor-widget-image\" data-id=\"fed0c31\" data-element_type=\"widget\" data-widget_type=\"image.default\">\n\t\t\t\t<div class=\"elementor-widget-container\">\n\t\t\t\t\t\t\t\t\t\t\t\t\t\t\t<img data-opt-src=\"https:\/\/ml5xe4k6drcs.i.optimole.com\/w:auto\/h:auto\/q:mauto\/f:avif\/https:\/\/www.langer-audio.de\/wp-content\/uploads\/2021\/01\/langer_oem_antrieb_rotor_2.png\"  decoding=\"async\" width=\"1314\" height=\"1392\" src=\"https:\/\/ml5xe4k6drcs.i.optimole.com\/w:auto\/h:auto\/q:eco\/f:avif\/https:\/\/www.langer-audio.de\/wp-content\/uploads\/2021\/01\/langer_oem_antrieb_rotor_2.png\" class=\"attachment-full size-full wp-image-811\" alt=\"Langer OEM Antrieb Rotor\" \/><noscript><img decoding=\"async\" width=\"1314\" height=\"1392\" src=\"https:\/\/ml5xe4k6drcs.i.optimole.com\/w:auto\/h:auto\/q:mauto\/f:avif\/https:\/\/www.langer-audio.de\/wp-content\/uploads\/2021\/01\/langer_oem_antrieb_rotor_2.png\" class=\"attachment-full size-full wp-image-811\" alt=\"Langer OEM Antrieb Rotor\" \/></noscript>\t\t\t\t\t\t\t\t\t\t\t\t\t\t\t<\/div>\n\t\t\t\t<\/div>\n\t\t\t\t\t<\/div>\n\t\t<\/div>\n\t\t\t\t\t\t\t<\/div>\n\t\t<\/section>\n\t\t\t\t<section class=\"elementor-section elementor-top-section elementor-element elementor-element-8ad9752 elementor-section-content-middle elementor-reverse-mobile elementor-section-boxed elementor-section-height-default elementor-section-height-default\" data-id=\"8ad9752\" data-element_type=\"section\" data-settings=\"{&quot;background_background&quot;:&quot;classic&quot;}\">\n\t\t\t\t\t\t<div class=\"elementor-container elementor-column-gap-wider\">\n\t\t\t\t\t<div class=\"elementor-column elementor-col-50 elementor-top-column elementor-element elementor-element-1e14633 elementor-invisible\" data-id=\"1e14633\" data-element_type=\"column\" data-settings=\"{&quot;animation&quot;:&quot;fadeIn&quot;,&quot;animation_mobile&quot;:&quot;fadeInUp&quot;}\">\n\t\t\t<div class=\"elementor-widget-wrap elementor-element-populated\">\n\t\t\t\t\t\t\t\t<div class=\"elementor-element elementor-element-3d91970 elementor-widget elementor-widget-image\" data-id=\"3d91970\" data-element_type=\"widget\" data-widget_type=\"image.default\">\n\t\t\t\t<div class=\"elementor-widget-container\">\n\t\t\t\t\t\t\t\t\t\t\t\t\t\t\t<img data-opt-src=\"https:\/\/ml5xe4k6drcs.i.optimole.com\/w:auto\/h:auto\/q:mauto\/f:avif\/https:\/\/www.langer-audio.de\/wp-content\/uploads\/2021\/01\/langer_oem_antrieb_motorregelung.jpg\"  decoding=\"async\" width=\"2560\" height=\"1707\" src=\"https:\/\/ml5xe4k6drcs.i.optimole.com\/w:auto\/h:auto\/q:eco\/f:avif\/https:\/\/www.langer-audio.de\/wp-content\/uploads\/2021\/01\/langer_oem_antrieb_motorregelung.jpg\" class=\"attachment-full size-full wp-image-795\" alt=\"Lang\" \/><noscript><img decoding=\"async\" width=\"2560\" height=\"1707\" src=\"https:\/\/ml5xe4k6drcs.i.optimole.com\/w:auto\/h:auto\/q:mauto\/f:avif\/https:\/\/www.langer-audio.de\/wp-content\/uploads\/2021\/01\/langer_oem_antrieb_motorregelung.jpg\" class=\"attachment-full size-full wp-image-795\" alt=\"Lang\" \/></noscript>\t\t\t\t\t\t\t\t\t\t\t\t\t\t\t<\/div>\n\t\t\t\t<\/div>\n\t\t\t\t\t<\/div>\n\t\t<\/div>\n\t\t\t\t<div class=\"elementor-column elementor-col-50 elementor-top-column elementor-element elementor-element-81528a8 elementor-invisible\" data-id=\"81528a8\" data-element_type=\"column\" data-settings=\"{&quot;animation&quot;:&quot;fadeInRight&quot;,&quot;animation_mobile&quot;:&quot;fadeInUp&quot;}\">\n\t\t\t<div class=\"elementor-widget-wrap elementor-element-populated\">\n\t\t\t\t\t\t\t\t<div class=\"elementor-element elementor-element-5b797c8 nowrap elementor-widget elementor-widget-heading\" data-id=\"5b797c8\" data-element_type=\"widget\" data-widget_type=\"heading.default\">\n\t\t\t\t<div class=\"elementor-widget-container\">\n\t\t\t<h2 class=\"elementor-heading-title elementor-size-default\">Speed Control<\/h2>\t\t<\/div>\n\t\t\t\t<\/div>\n\t\t\t\t<div class=\"elementor-element elementor-element-784128f elementor-widget elementor-widget-text-editor\" data-id=\"784128f\" data-element_type=\"widget\" data-widget_type=\"text-editor.default\">\n\t\t\t\t<div class=\"elementor-widget-container\">\n\t\t\t\t\t\t\tThe speed control circuit is a special design, dedicated to the \u201cLanger\u201d motor. This circuit works completely analog. That means we compare an analog signal for speed feedback with an analog speed reference. Therefore, the output signal to the motor is also analog. In combination with a correctly designed platter, the signal to the motor is a simple flat line. During playback, the motor acts just as a precision bearing plus a little energy for the friction losses. Only during start mode or at higher break forces, it increases the drive current accordingly to the needed level. The result is a comfortable settling time for platter speed and absolutely low wow and flutter values during your listening audience.\t\t\t\t\t\t<\/div>\n\t\t\t\t<\/div>\n\t\t\t\t\t<\/div>\n\t\t<\/div>\n\t\t\t\t\t\t\t<\/div>\n\t\t<\/section>\n\t\t\t\t<section class=\"elementor-section elementor-top-section elementor-element elementor-element-2c5cd0e elementor-section-content-middle elementor-section-boxed elementor-section-height-default elementor-section-height-default\" data-id=\"2c5cd0e\" data-element_type=\"section\" data-settings=\"{&quot;background_background&quot;:&quot;gradient&quot;}\">\n\t\t\t\t\t\t<div class=\"elementor-container elementor-column-gap-wider\">\n\t\t\t\t\t<div class=\"elementor-column elementor-col-50 elementor-top-column elementor-element elementor-element-cd2a981 elementor-invisible\" data-id=\"cd2a981\" data-element_type=\"column\" data-settings=\"{&quot;background_background&quot;:&quot;classic&quot;,&quot;animation&quot;:&quot;fadeInLeft&quot;,&quot;animation_mobile&quot;:&quot;fadeInUp&quot;}\">\n\t\t\t<div class=\"elementor-widget-wrap elementor-element-populated\">\n\t\t\t\t\t\t\t\t<div class=\"elementor-element elementor-element-4089fd4 elementor-widget elementor-widget-heading\" data-id=\"4089fd4\" data-element_type=\"widget\" data-widget_type=\"heading.default\">\n\t\t\t\t<div class=\"elementor-widget-container\">\n\t\t\t<h2 class=\"elementor-heading-title elementor-size-default\">Everything you need to know<\/h2>\t\t<\/div>\n\t\t\t\t<\/div>\n\t\t\t\t\t<\/div>\n\t\t<\/div>\n\t\t\t\t<div class=\"elementor-column elementor-col-50 elementor-top-column elementor-element elementor-element-69cab5c elementor-invisible\" data-id=\"69cab5c\" data-element_type=\"column\" data-settings=\"{&quot;animation&quot;:&quot;fadeIn&quot;,&quot;animation_mobile&quot;:&quot;fadeInUp&quot;}\">\n\t\t\t<div class=\"elementor-widget-wrap elementor-element-populated\">\n\t\t\t\t\t\t\t\t<div class=\"elementor-element elementor-element-c385d5d elementor-align-left elementor-mobile-align-left elementor-widget elementor-widget-button\" data-id=\"c385d5d\" data-element_type=\"widget\" data-widget_type=\"button.default\">\n\t\t\t\t<div class=\"elementor-widget-container\">\n\t\t\t\t\t<div class=\"elementor-button-wrapper\">\n\t\t\t<a href=\"https:\/\/www.langer-audio.de\/wp-content\/uploads\/2021\/02\/DDM104-OEM-Data-ext-pitch.pdf\" target=\"_blank\" class=\"elementor-button-link elementor-button elementor-size-sm\" role=\"button\">\n\t\t\t\t\t\t<span class=\"elementor-button-content-wrapper\">\n\t\t\t\t\t\t\t<span class=\"elementor-button-icon elementor-align-icon-left\">\n\t\t\t\t<i aria-hidden=\"true\" class=\"far fa-file-pdf\"><\/i>\t\t\t<\/span>\n\t\t\t\t\t\t<span class=\"elementor-button-text\">Download<\/span>\n\t\t<\/span>\n\t\t\t\t\t<\/a>\n\t\t<\/div>\n\t\t\t\t<\/div>\n\t\t\t\t<\/div>\n\t\t\t\t\t<\/div>\n\t\t<\/div>\n\t\t\t\t\t\t\t<\/div>\n\t\t<\/section>\n\t\t\t\t\t\t\t<\/div>","protected":false},"excerpt":{"rendered":"<p>Langer Direktantrieb Adaptierbar auch f\u00fcr Ihre OEM Anwendung Motor Die Kommutierung des Motors erfolgt b\u00fcrstenlos, mittels Hallsensoren und integrierter Elektronik. Nur so ist eine v\u00f6llig ruckfreie und st\u00f6rungsfreie Ansteuerung der Motorspulen m\u00f6glich. Die Motorspulen sind eisenlos. So gibt es bei unserem Motor keinerlei Polf\u00fchligkeit. Die Drehzahl\u00fcberwachung erfolgt mittels opto-elektronischem Sensors und Encoder. Motorlager Besondere Aufmerksamkeit [&hellip;]<\/p>","protected":false},"author":1,"featured_media":0,"parent":0,"menu_order":0,"comment_status":"closed","ping_status":"closed","template":"elementor_header_footer","meta":[],"_links":{"self":[{"href":"https:\/\/www.langer-audio.de\/en\/wp-json\/wp\/v2\/pages\/526"}],"collection":[{"href":"https:\/\/www.langer-audio.de\/en\/wp-json\/wp\/v2\/pages"}],"about":[{"href":"https:\/\/www.langer-audio.de\/en\/wp-json\/wp\/v2\/types\/page"}],"author":[{"embeddable":true,"href":"https:\/\/www.langer-audio.de\/en\/wp-json\/wp\/v2\/users\/1"}],"replies":[{"embeddable":true,"href":"https:\/\/www.langer-audio.de\/en\/wp-json\/wp\/v2\/comments?post=526"}],"version-history":[{"count":113,"href":"https:\/\/www.langer-audio.de\/en\/wp-json\/wp\/v2\/pages\/526\/revisions"}],"predecessor-version":[{"id":1118,"href":"https:\/\/www.langer-audio.de\/en\/wp-json\/wp\/v2\/pages\/526\/revisions\/1118"}],"wp:attachment":[{"href":"https:\/\/www.langer-audio.de\/en\/wp-json\/wp\/v2\/media?parent=526"}],"curies":[{"name":"wp","href":"https:\/\/api.w.org\/{rel}","templated":true}]}}