{"id":613,"date":"2020-08-24T14:00:09","date_gmt":"2020-08-24T12:00:09","guid":{"rendered":"https:\/\/www.langer-audio.de\/?page_id=613"},"modified":"2021-01-28T16:15:34","modified_gmt":"2021-01-28T15:15:34","slug":"tonarm","status":"publish","type":"page","link":"https:\/\/www.langer-audio.de\/en\/tonarm\/","title":{"rendered":"OEM Tonearm"},"content":{"rendered":"<div data-elementor-type=\"wp-page\" data-elementor-id=\"613\" class=\"elementor elementor-613\">\n\t\t\t\t\t\t\t\t\t<section class=\"elementor-section elementor-top-section elementor-element elementor-element-7f304aa9 elementor-section-height-min-height elementor-section-content-middle elementor-reverse-mobile animated-slow elementor-section-boxed elementor-section-height-default elementor-section-items-middle\" data-id=\"7f304aa9\" data-element_type=\"section\" data-settings=\"{&quot;background_background&quot;:&quot;gradient&quot;,&quot;animation&quot;:&quot;none&quot;}\">\n\t\t\t\t\t\t<div class=\"elementor-container elementor-column-gap-no\">\n\t\t\t\t\t<div class=\"elementor-column elementor-col-50 elementor-top-column elementor-element elementor-element-badc8d7 elementor-invisible\" data-id=\"badc8d7\" data-element_type=\"column\" data-settings=\"{&quot;animation&quot;:&quot;fadeIn&quot;}\">\n\t\t\t<div class=\"elementor-widget-wrap elementor-element-populated\">\n\t\t\t\t\t\t\t\t<div class=\"elementor-element elementor-element-6bdfc933 nowrap elementor-widget elementor-widget-heading\" data-id=\"6bdfc933\" data-element_type=\"widget\" data-widget_type=\"heading.default\">\n\t\t\t\t<div class=\"elementor-widget-container\">\n\t\t\t<style>\/*! elementor - v3.9.1 - 14-12-2022 *\/\n.elementor-heading-title{padding:0;margin:0;line-height:1}.elementor-widget-heading .elementor-heading-title[class*=elementor-size-]>a{color:inherit;font-size:inherit;line-height:inherit}.elementor-widget-heading .elementor-heading-title.elementor-size-small{font-size:15px}.elementor-widget-heading .elementor-heading-title.elementor-size-medium{font-size:19px}.elementor-widget-heading .elementor-heading-title.elementor-size-large{font-size:29px}.elementor-widget-heading .elementor-heading-title.elementor-size-xl{font-size:39px}.elementor-widget-heading .elementor-heading-title.elementor-size-xxl{font-size:59px}<\/style><h1 class=\"elementor-heading-title elementor-size-default translation-block\">Langer <br>Tonearms<\/h1>\t\t<\/div>\n\t\t\t\t<\/div>\n\t\t\t\t<div class=\"elementor-element elementor-element-7da48668 elementor-widget elementor-widget-text-editor\" data-id=\"7da48668\" data-element_type=\"widget\" data-widget_type=\"text-editor.default\">\n\t\t\t\t<div class=\"elementor-widget-container\">\n\t\t\t<style>\/*! elementor - v3.9.1 - 14-12-2022 *\/\n.elementor-widget-text-editor.elementor-drop-cap-view-stacked .elementor-drop-cap{background-color:#818a91;color:#fff}.elementor-widget-text-editor.elementor-drop-cap-view-framed .elementor-drop-cap{color:#818a91;border:3px solid;background-color:transparent}.elementor-widget-text-editor:not(.elementor-drop-cap-view-default) .elementor-drop-cap{margin-top:8px}.elementor-widget-text-editor:not(.elementor-drop-cap-view-default) .elementor-drop-cap-letter{width:1em;height:1em}.elementor-widget-text-editor .elementor-drop-cap{float:left;text-align:center;line-height:1;font-size:50px}.elementor-widget-text-editor .elementor-drop-cap-letter{display:inline-block}<\/style>\t\t\t\t<p>Precision at its best<\/p>\t\t\t\t\t\t<\/div>\n\t\t\t\t<\/div>\n\t\t\t\t\t<\/div>\n\t\t<\/div>\n\t\t\t\t<div class=\"elementor-column elementor-col-50 elementor-top-column elementor-element elementor-element-5f9af36a elementor-invisible\" data-id=\"5f9af36a\" data-element_type=\"column\" data-settings=\"{&quot;animation&quot;:&quot;fadeIn&quot;}\">\n\t\t\t<div class=\"elementor-widget-wrap elementor-element-populated\">\n\t\t\t\t\t\t\t\t<div class=\"elementor-element elementor-element-12bf4b94 elementor-widget elementor-widget-image\" data-id=\"12bf4b94\" data-element_type=\"widget\" data-widget_type=\"image.default\">\n\t\t\t\t<div class=\"elementor-widget-container\">\n\t\t\t<style>\/*! elementor - v3.9.1 - 14-12-2022 *\/\n.elementor-widget-image{text-align:center}.elementor-widget-image a{display:inline-block}.elementor-widget-image a img[src$=\".svg\"]{width:48px}.elementor-widget-image img{vertical-align:middle;display:inline-block}<\/style>\t\t\t\t\t\t\t\t\t\t\t\t<img decoding=\"async\" width=\"2560\" height=\"1485\" src=\"https:\/\/ml5xe4k6drcs.i.optimole.com\/w:auto\/h:auto\/q:mauto\/f:avif\/https:\/\/www.langer-audio.de\/wp-content\/uploads\/2021\/01\/langer_oem_tonarm_header.png\" class=\"attachment-full size-full wp-image-843\" alt=\"\" \/>\t\t\t\t\t\t\t\t\t\t\t\t\t\t\t<\/div>\n\t\t\t\t<\/div>\n\t\t\t\t\t<\/div>\n\t\t<\/div>\n\t\t\t\t\t\t\t<\/div>\n\t\t<\/section>\n\t\t\t\t<section class=\"elementor-section elementor-top-section elementor-element elementor-element-92b0a49 elementor-section-content-middle elementor-section-boxed elementor-section-height-default elementor-section-height-default\" data-id=\"92b0a49\" data-element_type=\"section\" data-settings=\"{&quot;background_background&quot;:&quot;classic&quot;}\">\n\t\t\t\t\t\t<div class=\"elementor-container elementor-column-gap-wider\">\n\t\t\t\t\t<div class=\"elementor-column elementor-col-50 elementor-top-column elementor-element elementor-element-6f25d14 elementor-invisible\" data-id=\"6f25d14\" data-element_type=\"column\" data-settings=\"{&quot;background_background&quot;:&quot;classic&quot;,&quot;animation&quot;:&quot;fadeInLeft&quot;,&quot;animation_mobile&quot;:&quot;fadeInUp&quot;}\">\n\t\t\t<div class=\"elementor-widget-wrap elementor-element-populated\">\n\t\t\t\t\t\t\t\t<div class=\"elementor-element elementor-element-a0f9d63 nowrap elementor-widget elementor-widget-heading\" data-id=\"a0f9d63\" data-element_type=\"widget\" data-widget_type=\"heading.default\">\n\t\t\t\t<div class=\"elementor-widget-container\">\n\t\t\t<h2 class=\"elementor-heading-title elementor-size-default\">Tonearm Bearing<\/h2>\t\t<\/div>\n\t\t\t\t<\/div>\n\t\t\t\t<div class=\"elementor-element elementor-element-34f8f28 elementor-widget elementor-widget-text-editor\" data-id=\"34f8f28\" data-element_type=\"widget\" data-widget_type=\"text-editor.default\">\n\t\t\t\t<div class=\"elementor-widget-container\">\n\t\t\t\t\t\t\tThe bearing design is a 4-point gimbal. All bearings are precise pivot bearings combined with hardened and precision grinded bearing tips. All gimbal parts are made of solid aluminum.\t\t\t\t\t\t<\/div>\n\t\t\t\t<\/div>\n\t\t\t\t\t<\/div>\n\t\t<\/div>\n\t\t\t\t<div class=\"elementor-column elementor-col-50 elementor-top-column elementor-element elementor-element-6b4edde elementor-invisible\" data-id=\"6b4edde\" data-element_type=\"column\" data-settings=\"{&quot;animation&quot;:&quot;fadeIn&quot;,&quot;animation_mobile&quot;:&quot;fadeInUp&quot;}\">\n\t\t\t<div class=\"elementor-widget-wrap elementor-element-populated\">\n\t\t\t\t\t\t\t\t<div class=\"elementor-element elementor-element-f70102f elementor-widget elementor-widget-image\" data-id=\"f70102f\" data-element_type=\"widget\" data-widget_type=\"image.default\">\n\t\t\t\t<div class=\"elementor-widget-container\">\n\t\t\t\t\t\t\t\t\t\t\t\t\t\t\t<img decoding=\"async\" width=\"2379\" height=\"1633\" src=\"https:\/\/ml5xe4k6drcs.i.optimole.com\/w:auto\/h:auto\/q:mauto\/f:avif\/https:\/\/www.langer-audio.de\/wp-content\/uploads\/2021\/01\/langer_oem_tonarm_tonarmlagerung.jpg\" class=\"attachment-full size-full wp-image-666\" alt=\"\" \/>\t\t\t\t\t\t\t\t\t\t\t\t\t\t\t<\/div>\n\t\t\t\t<\/div>\n\t\t\t\t\t<\/div>\n\t\t<\/div>\n\t\t\t\t\t\t\t<\/div>\n\t\t<\/section>\n\t\t\t\t<section class=\"elementor-section elementor-top-section elementor-element elementor-element-b380718 elementor-section-content-middle elementor-reverse-mobile elementor-section-boxed elementor-section-height-default elementor-section-height-default\" data-id=\"b380718\" data-element_type=\"section\" data-settings=\"{&quot;background_background&quot;:&quot;gradient&quot;}\">\n\t\t\t\t\t\t<div class=\"elementor-container elementor-column-gap-wider\">\n\t\t\t\t\t<div class=\"elementor-column elementor-col-50 elementor-top-column elementor-element elementor-element-73d7c0f elementor-invisible\" data-id=\"73d7c0f\" data-element_type=\"column\" data-settings=\"{&quot;animation&quot;:&quot;fadeIn&quot;,&quot;animation_mobile&quot;:&quot;fadeInUp&quot;}\">\n\t\t\t<div class=\"elementor-widget-wrap elementor-element-populated\">\n\t\t\t\t\t\t\t\t<div class=\"elementor-element elementor-element-1cdc986 elementor-widget elementor-widget-image\" data-id=\"1cdc986\" data-element_type=\"widget\" data-widget_type=\"image.default\">\n\t\t\t\t<div class=\"elementor-widget-container\">\n\t\t\t\t\t\t\t\t\t\t\t\t\t\t\t<img decoding=\"async\" width=\"2049\" height=\"1209\" src=\"https:\/\/ml5xe4k6drcs.i.optimole.com\/w:auto\/h:auto\/q:mauto\/f:avif\/https:\/\/www.langer-audio.de\/wp-content\/uploads\/2021\/01\/langer_oem_tonarm_antiskating.jpg\" class=\"attachment-full size-full wp-image-667\" alt=\"\" \/>\t\t\t\t\t\t\t\t\t\t\t\t\t\t\t<\/div>\n\t\t\t\t<\/div>\n\t\t\t\t\t<\/div>\n\t\t<\/div>\n\t\t\t\t<div class=\"elementor-column elementor-col-50 elementor-top-column elementor-element elementor-element-03ab025 elementor-invisible\" data-id=\"03ab025\" data-element_type=\"column\" data-settings=\"{&quot;animation&quot;:&quot;fadeInRight&quot;,&quot;animation_mobile&quot;:&quot;fadeInUp&quot;}\">\n\t\t\t<div class=\"elementor-widget-wrap elementor-element-populated\">\n\t\t\t\t\t\t\t\t<div class=\"elementor-element elementor-element-c3ce9c8 nowrap elementor-widget elementor-widget-heading\" data-id=\"c3ce9c8\" data-element_type=\"widget\" data-widget_type=\"heading.default\">\n\t\t\t\t<div class=\"elementor-widget-container\">\n\t\t\t<h2 class=\"elementor-heading-title elementor-size-default\">Skating Compensation<\/h2>\t\t<\/div>\n\t\t\t\t<\/div>\n\t\t\t\t<div class=\"elementor-element elementor-element-bee8076 elementor-widget elementor-widget-text-editor\" data-id=\"bee8076\" data-element_type=\"widget\" data-widget_type=\"text-editor.default\">\n\t\t\t\t<div class=\"elementor-widget-container\">\n\t\t\t\t\t\t\tAntiskating can be precisely adjusted with the integrated antiskating mechanism. A precision tension spring, combined with a tricky mechanic produces the correct compensation force at any tonearm position.\t\t\t\t\t\t<\/div>\n\t\t\t\t<\/div>\n\t\t\t\t\t<\/div>\n\t\t<\/div>\n\t\t\t\t\t\t\t<\/div>\n\t\t<\/section>\n\t\t\t\t<section class=\"elementor-section elementor-top-section elementor-element elementor-element-8ad9752 elementor-section-content-middle elementor-reverse-mobile elementor-section-boxed elementor-section-height-default elementor-section-height-default\" data-id=\"8ad9752\" data-element_type=\"section\" data-settings=\"{&quot;background_background&quot;:&quot;classic&quot;}\">\n\t\t\t\t\t\t<div class=\"elementor-container elementor-column-gap-wider\">\n\t\t\t\t\t<div class=\"elementor-column elementor-col-50 elementor-top-column elementor-element elementor-element-1e14633 elementor-invisible\" data-id=\"1e14633\" data-element_type=\"column\" data-settings=\"{&quot;animation&quot;:&quot;fadeIn&quot;,&quot;animation_mobile&quot;:&quot;fadeInUp&quot;}\">\n\t\t\t<div class=\"elementor-widget-wrap elementor-element-populated\">\n\t\t\t\t\t\t\t\t<div class=\"elementor-element elementor-element-3d91970 elementor-widget elementor-widget-image\" data-id=\"3d91970\" data-element_type=\"widget\" data-widget_type=\"image.default\">\n\t\t\t\t<div class=\"elementor-widget-container\">\n\t\t\t\t\t\t\t\t\t\t\t\t\t\t\t<img data-opt-src=\"https:\/\/ml5xe4k6drcs.i.optimole.com\/w:auto\/h:auto\/q:mauto\/f:avif\/https:\/\/www.langer-audio.de\/wp-content\/uploads\/2021\/01\/langer_oem_tonarm_tonarmsockel.jpg\"  decoding=\"async\" width=\"1947\" height=\"2385\" src=\"https:\/\/ml5xe4k6drcs.i.optimole.com\/w:auto\/h:auto\/q:eco\/f:avif\/https:\/\/www.langer-audio.de\/wp-content\/uploads\/2021\/01\/langer_oem_tonarm_tonarmsockel.jpg\" class=\"attachment-full size-full wp-image-669\" alt=\"Langer - OEM Antrieb Tonarmsockel\" \/><noscript><img decoding=\"async\" width=\"1947\" height=\"2385\" src=\"https:\/\/ml5xe4k6drcs.i.optimole.com\/w:auto\/h:auto\/q:mauto\/f:avif\/https:\/\/www.langer-audio.de\/wp-content\/uploads\/2021\/01\/langer_oem_tonarm_tonarmsockel.jpg\" class=\"attachment-full size-full wp-image-669\" alt=\"Langer - OEM Antrieb Tonarmsockel\" \/></noscript>\t\t\t\t\t\t\t\t\t\t\t\t\t\t\t<\/div>\n\t\t\t\t<\/div>\n\t\t\t\t\t<\/div>\n\t\t<\/div>\n\t\t\t\t<div class=\"elementor-column elementor-col-50 elementor-top-column elementor-element elementor-element-81528a8 elementor-invisible\" data-id=\"81528a8\" data-element_type=\"column\" data-settings=\"{&quot;animation&quot;:&quot;fadeInRight&quot;,&quot;animation_mobile&quot;:&quot;fadeInUp&quot;}\">\n\t\t\t<div class=\"elementor-widget-wrap elementor-element-populated\">\n\t\t\t\t\t\t\t\t<div class=\"elementor-element elementor-element-5b797c8 nowrap elementor-widget elementor-widget-heading\" data-id=\"5b797c8\" data-element_type=\"widget\" data-widget_type=\"heading.default\">\n\t\t\t\t<div class=\"elementor-widget-container\">\n\t\t\t<h2 class=\"elementor-heading-title elementor-size-default\">Tonearm Socket<\/h2>\t\t<\/div>\n\t\t\t\t<\/div>\n\t\t\t\t<div class=\"elementor-element elementor-element-784128f elementor-widget elementor-widget-text-editor\" data-id=\"784128f\" data-element_type=\"widget\" data-widget_type=\"text-editor.default\">\n\t\t\t\t<div class=\"elementor-widget-container\">\n\t\t\t\t\t\t\tThe socket base features an integrated 5 pin plug, for direct connection of a phono cable. The tonearm height adjustment is supported by a solid clamping mechanism.\t\t\t\t\t\t<\/div>\n\t\t\t\t<\/div>\n\t\t\t\t\t<\/div>\n\t\t<\/div>\n\t\t\t\t\t\t\t<\/div>\n\t\t<\/section>\n\t\t\t\t<section class=\"elementor-section elementor-top-section elementor-element elementor-element-d6a39fc elementor-section-content-middle elementor-section-boxed elementor-section-height-default elementor-section-height-default\" data-id=\"d6a39fc\" data-element_type=\"section\" data-settings=\"{&quot;background_background&quot;:&quot;gradient&quot;}\">\n\t\t\t\t\t\t<div class=\"elementor-container elementor-column-gap-wider\">\n\t\t\t\t\t<div class=\"elementor-column elementor-col-50 elementor-top-column elementor-element elementor-element-bd6b21c elementor-invisible\" data-id=\"bd6b21c\" data-element_type=\"column\" data-settings=\"{&quot;background_background&quot;:&quot;classic&quot;,&quot;animation&quot;:&quot;fadeInLeft&quot;,&quot;animation_mobile&quot;:&quot;fadeInUp&quot;}\">\n\t\t\t<div class=\"elementor-widget-wrap elementor-element-populated\">\n\t\t\t\t\t\t\t\t<div class=\"elementor-element elementor-element-6623d46 nowrap elementor-widget elementor-widget-heading\" data-id=\"6623d46\" data-element_type=\"widget\" data-widget_type=\"heading.default\">\n\t\t\t\t<div class=\"elementor-widget-container\">\n\t\t\t<h2 class=\"elementor-heading-title elementor-size-default translation-block\">Arm Tube and <br>Headshell<\/h2>\t\t<\/div>\n\t\t\t\t<\/div>\n\t\t\t\t<div class=\"elementor-element elementor-element-54f534a elementor-widget elementor-widget-text-editor\" data-id=\"54f534a\" data-element_type=\"widget\" data-widget_type=\"text-editor.default\">\n\t\t\t\t<div class=\"elementor-widget-container\">\n\t\t\t\t\t\t\tThe armtube is a compound of aluminum (inside) and carbon fiber (outside). This is rigid design, combined with high damping for resonances. At the end there is a solid docking section for the headshell, which is made of solid aluminum.\t\t\t\t\t\t<\/div>\n\t\t\t\t<\/div>\n\t\t\t\t\t<\/div>\n\t\t<\/div>\n\t\t\t\t<div class=\"elementor-column elementor-col-50 elementor-top-column elementor-element elementor-element-a86f07e elementor-invisible\" data-id=\"a86f07e\" data-element_type=\"column\" data-settings=\"{&quot;animation&quot;:&quot;fadeIn&quot;,&quot;animation_mobile&quot;:&quot;fadeInUp&quot;}\">\n\t\t\t<div class=\"elementor-widget-wrap elementor-element-populated\">\n\t\t\t\t\t\t\t\t<div class=\"elementor-element elementor-element-fed0c31 elementor-widget elementor-widget-image\" data-id=\"fed0c31\" data-element_type=\"widget\" data-widget_type=\"image.default\">\n\t\t\t\t<div class=\"elementor-widget-container\">\n\t\t\t\t\t\t\t\t\t\t\t\t\t\t\t<img data-opt-src=\"https:\/\/ml5xe4k6drcs.i.optimole.com\/w:auto\/h:auto\/q:mauto\/f:avif\/https:\/\/www.langer-audio.de\/wp-content\/uploads\/2021\/01\/langer_oem_tonarm_headshell.png\"  decoding=\"async\" width=\"2491\" height=\"1785\" src=\"https:\/\/ml5xe4k6drcs.i.optimole.com\/w:auto\/h:auto\/q:eco\/f:avif\/https:\/\/www.langer-audio.de\/wp-content\/uploads\/2021\/01\/langer_oem_tonarm_headshell.png\" class=\"attachment-full size-full wp-image-847\" alt=\"Langer OEM Tonarm Headshell\" \/><noscript><img decoding=\"async\" width=\"2491\" height=\"1785\" src=\"https:\/\/ml5xe4k6drcs.i.optimole.com\/w:auto\/h:auto\/q:mauto\/f:avif\/https:\/\/www.langer-audio.de\/wp-content\/uploads\/2021\/01\/langer_oem_tonarm_headshell.png\" class=\"attachment-full size-full wp-image-847\" alt=\"Langer OEM Tonarm Headshell\" \/></noscript>\t\t\t\t\t\t\t\t\t\t\t\t\t\t\t<\/div>\n\t\t\t\t<\/div>\n\t\t\t\t\t<\/div>\n\t\t<\/div>\n\t\t\t\t\t\t\t<\/div>\n\t\t<\/section>\n\t\t\t\t<section class=\"elementor-section elementor-top-section elementor-element elementor-element-63ac767 elementor-section-full_width elementor-section-height-default elementor-section-height-default\" data-id=\"63ac767\" data-element_type=\"section\">\n\t\t\t\t\t\t<div class=\"elementor-container elementor-column-gap-no\">\n\t\t\t\t\t<div class=\"elementor-column elementor-col-100 elementor-top-column elementor-element elementor-element-cb4dace\" data-id=\"cb4dace\" data-element_type=\"column\">\n\t\t\t<div class=\"elementor-widget-wrap elementor-element-populated\">\n\t\t\t\t\t\t\t\t<div class=\"elementor-element elementor-element-76b56bb elementor-arrows-position-inside elementor-widget elementor-widget-image-carousel\" data-id=\"76b56bb\" data-element_type=\"widget\" data-settings=\"{&quot;slides_to_show&quot;:&quot;1&quot;,&quot;navigation&quot;:&quot;arrows&quot;,&quot;pause_on_hover&quot;:&quot;no&quot;,&quot;autoplay_speed&quot;:3000,&quot;effect&quot;:&quot;fade&quot;,&quot;autoplay&quot;:&quot;yes&quot;,&quot;pause_on_interaction&quot;:&quot;yes&quot;,&quot;infinite&quot;:&quot;yes&quot;,&quot;speed&quot;:500}\" data-widget_type=\"image-carousel.default\">\n\t\t\t\t<div class=\"elementor-widget-container\">\n\t\t\t<style>\/*! elementor - v3.9.1 - 14-12-2022 *\/\n.elementor-widget-image-carousel .swiper-container{position:static}.elementor-widget-image-carousel .swiper-container .swiper-slide figure{line-height:inherit}.elementor-widget-image-carousel .swiper-slide{text-align:center}.elementor-image-carousel-wrapper:not(.swiper-container-initialized) .swiper-slide{max-width:calc(100% \/ var(--e-image-carousel-slides-to-show, 3))}<\/style>\t\t<div class=\"elementor-image-carousel-wrapper swiper-container\" dir=\"ltr\">\n\t\t\t<div class=\"elementor-image-carousel swiper-wrapper\">\n\t\t\t\t\t\t\t\t<div class=\"swiper-slide\"><figure class=\"swiper-slide-inner\"><img data-opt-src=\"https:\/\/ml5xe4k6drcs.i.optimole.com\/w:auto\/h:auto\/q:mauto\/f:avif\/https:\/\/www.langer-audio.de\/wp-content\/uploads\/2021\/01\/langer_oem_tonarm_slider_1-1.jpg\"  decoding=\"async\" class=\"swiper-slide-image\" src=\"https:\/\/ml5xe4k6drcs.i.optimole.com\/w:auto\/h:auto\/q:eco\/f:avif\/https:\/\/www.langer-audio.de\/wp-content\/uploads\/2021\/01\/langer_oem_tonarm_slider_1-1.jpg\" alt=\"langer_oem_tonarm_slider_1\" \/><noscript><img decoding=\"async\" class=\"swiper-slide-image\" src=\"https:\/\/ml5xe4k6drcs.i.optimole.com\/w:auto\/h:auto\/q:mauto\/f:avif\/https:\/\/www.langer-audio.de\/wp-content\/uploads\/2021\/01\/langer_oem_tonarm_slider_1-1.jpg\" alt=\"langer_oem_tonarm_slider_1\" \/></noscript><\/figure><\/div><div class=\"swiper-slide\"><figure class=\"swiper-slide-inner\"><img data-opt-src=\"https:\/\/ml5xe4k6drcs.i.optimole.com\/w:auto\/h:auto\/q:mauto\/f:avif\/https:\/\/www.langer-audio.de\/wp-content\/uploads\/2021\/01\/langer_oem_tonarm_slider_2-1.jpg\"  decoding=\"async\" class=\"swiper-slide-image\" src=\"https:\/\/ml5xe4k6drcs.i.optimole.com\/w:auto\/h:auto\/q:eco\/f:avif\/https:\/\/www.langer-audio.de\/wp-content\/uploads\/2021\/01\/langer_oem_tonarm_slider_2-1.jpg\" alt=\"langer_oem_tonarm_slider_2\" \/><noscript><img decoding=\"async\" class=\"swiper-slide-image\" src=\"https:\/\/ml5xe4k6drcs.i.optimole.com\/w:auto\/h:auto\/q:mauto\/f:avif\/https:\/\/www.langer-audio.de\/wp-content\/uploads\/2021\/01\/langer_oem_tonarm_slider_2-1.jpg\" alt=\"langer_oem_tonarm_slider_2\" \/></noscript><\/figure><\/div><div class=\"swiper-slide\"><figure class=\"swiper-slide-inner\"><img data-opt-src=\"https:\/\/ml5xe4k6drcs.i.optimole.com\/w:auto\/h:auto\/q:mauto\/f:avif\/https:\/\/www.langer-audio.de\/wp-content\/uploads\/2021\/01\/langer_oem_tonarm_slider_3-1.jpg\"  decoding=\"async\" class=\"swiper-slide-image\" src=\"https:\/\/ml5xe4k6drcs.i.optimole.com\/w:auto\/h:auto\/q:eco\/f:avif\/https:\/\/www.langer-audio.de\/wp-content\/uploads\/2021\/01\/langer_oem_tonarm_slider_3-1.jpg\" alt=\"langer_oem_tonarm_slider_3\" \/><noscript><img decoding=\"async\" class=\"swiper-slide-image\" src=\"https:\/\/ml5xe4k6drcs.i.optimole.com\/w:auto\/h:auto\/q:mauto\/f:avif\/https:\/\/www.langer-audio.de\/wp-content\/uploads\/2021\/01\/langer_oem_tonarm_slider_3-1.jpg\" alt=\"langer_oem_tonarm_slider_3\" \/></noscript><\/figure><\/div>\t\t\t<\/div>\n\t\t\t\t\t\t\t\t\t\t\t\t\t\t\t\t<div class=\"elementor-swiper-button elementor-swiper-button-prev\">\n\t\t\t\t\t\t<i aria-hidden=\"true\" class=\"eicon-chevron-left\"><\/i>\t\t\t\t\t\t<span class=\"elementor-screen-only\">Previous<\/span>\n\t\t\t\t\t<\/div>\n\t\t\t\t\t<div class=\"elementor-swiper-button elementor-swiper-button-next\">\n\t\t\t\t\t\t<i aria-hidden=\"true\" class=\"eicon-chevron-right\"><\/i>\t\t\t\t\t\t<span class=\"elementor-screen-only\">Next<\/span>\n\t\t\t\t\t<\/div>\n\t\t\t\t\t\t\t\t\t<\/div>\n\t\t\t\t<\/div>\n\t\t\t\t<\/div>\n\t\t\t\t\t<\/div>\n\t\t<\/div>\n\t\t\t\t\t\t\t<\/div>\n\t\t<\/section>\n\t\t\t\t\t\t\t<\/div>","protected":false},"excerpt":{"rendered":"<p>Langer Tonarme Pr\u00e4zision in Vollendung Tonarmlagerung Die Lagerung in beiden Achsen ist als Vollkardan ausgef\u00fchrt. Alle Lager sind mit feinsten Pivotlagern in Kombination mit geh\u00e4rteten und geschliffenen Lagerspitzen ausgef\u00fchrt. Alle Kardanteile sind aus Aluminium gefertigt. Antiskating Eine sehr feinf\u00fchlig einstellbare, hochpr\u00e4zise Antiskatingeinrichtung erm\u00f6glicht eine optimale Kompensation der Skatingkr\u00e4fte. Dabei erzeugt eine Pr\u00e4zisionszugfeder \u00fcber einen ausgekl\u00fcgelten [&hellip;]<\/p>","protected":false},"author":1,"featured_media":0,"parent":0,"menu_order":0,"comment_status":"closed","ping_status":"closed","template":"elementor_header_footer","meta":[],"_links":{"self":[{"href":"https:\/\/www.langer-audio.de\/en\/wp-json\/wp\/v2\/pages\/613"}],"collection":[{"href":"https:\/\/www.langer-audio.de\/en\/wp-json\/wp\/v2\/pages"}],"about":[{"href":"https:\/\/www.langer-audio.de\/en\/wp-json\/wp\/v2\/types\/page"}],"author":[{"embeddable":true,"href":"https:\/\/www.langer-audio.de\/en\/wp-json\/wp\/v2\/users\/1"}],"replies":[{"embeddable":true,"href":"https:\/\/www.langer-audio.de\/en\/wp-json\/wp\/v2\/comments?post=613"}],"version-history":[{"count":56,"href":"https:\/\/www.langer-audio.de\/en\/wp-json\/wp\/v2\/pages\/613\/revisions"}],"predecessor-version":[{"id":1051,"href":"https:\/\/www.langer-audio.de\/en\/wp-json\/wp\/v2\/pages\/613\/revisions\/1051"}],"wp:attachment":[{"href":"https:\/\/www.langer-audio.de\/en\/wp-json\/wp\/v2\/media?parent=613"}],"curies":[{"name":"wp","href":"https:\/\/api.w.org\/{rel}","templated":true}]}}